{"id":406,"date":"2025-06-16T11:05:18","date_gmt":"2025-06-16T11:05:18","guid":{"rendered":"https:\/\/clusterlucanobioeconomia.it\/?page_id=406"},"modified":"2025-07-03T10:27:27","modified_gmt":"2025-07-03T10:27:27","slug":"elenco-soci","status":"publish","type":"page","link":"https:\/\/clusterlucanobioeconomia.it\/en\/elenco-soci\/","title":{"rendered":"List of members"},"content":{"rendered":"<div data-elementor-type=\"wp-page\" data-elementor-id=\"406\" class=\"elementor elementor-406\" data-elementor-post-type=\"page\">\n\t\t\t\t<div class=\"elementor-element elementor-element-d4ec135 e-flex e-con-boxed e-con e-parent\" data-id=\"d4ec135\" data-element_type=\"container\" data-e-type=\"container\">\n\t\t\t\t\t<div class=\"e-con-inner\">\n\t\t\t\t<div class=\"elementor-element elementor-element-b8c193e elementor-widget elementor-widget-text-editor\" data-id=\"b8c193e\" data-element_type=\"widget\" data-e-type=\"widget\" data-widget_type=\"text-editor.default\">\n\t\t\t\t<div class=\"elementor-widget-container\">\n\t\t\t\t\t\t\t\t\t<p>Join the <strong>Cluster LUCANO DI BIOECONOMIA<\/strong> signi\ufb01ca poter attivare progetti di Ricerca, Sviluppo e Innovazione in collaborazione con primari attori della bioeconomia italiana, contribuire alla creazione di nuove \ufb01liere agro-industriali integrate, partecipare all\u2019implementazione della strategia italiana sulla bioeconomia.<\/p><p>They can join <strong>CLUSTER DI BIOECONOMIA<\/strong>, in ogni momento dell\u2019anno, enti pubblici o privati, che nel modulo di richiesta di adesione all\u2019Associazione dichiarino di condividere gli scopi del Cluster, indicando le iniziative e i progetti signi\ufb01cativi gi\u00e0 avviati o da avviarsi nel settore della bioeconomia circolare, di conoscere lo Statuto dell\u2019Associazione e di assumerne gli oneri.<\/p><p>Ogni richiesta di adesione sar\u00e0 sottoposta alla delibera del Consiglio Direttivo nella prima seduta disponibile, che valuter\u00e0 la coerenza delle attivit\u00e0 svolte in relazione agli scopi dell\u2019Associazione.<\/p>\t\t\t\t\t\t\t\t<\/div>\n\t\t\t\t<\/div>\n\t\t\t\t<div class=\"elementor-element elementor-element-a635a55 elementor-grid-3 elementor-grid-tablet-2 elementor-grid-mobile-1 elementor-posts--thumbnail-top elementor-card-shadow-yes elementor-posts__hover-gradient elementor-widget elementor-widget-posts\" data-id=\"a635a55\" data-element_type=\"widget\" data-e-type=\"widget\" data-settings=\"{&quot;pagination_type&quot;:&quot;numbers&quot;,&quot;cards_row_gap&quot;:{&quot;unit&quot;:&quot;px&quot;,&quot;size&quot;:10,&quot;sizes&quot;:[]},&quot;cards_columns&quot;:&quot;3&quot;,&quot;cards_columns_tablet&quot;:&quot;2&quot;,&quot;cards_columns_mobile&quot;:&quot;1&quot;,&quot;cards_row_gap_tablet&quot;:{&quot;unit&quot;:&quot;px&quot;,&quot;size&quot;:&quot;&quot;,&quot;sizes&quot;:[]},&quot;cards_row_gap_mobile&quot;:{&quot;unit&quot;:&quot;px&quot;,&quot;size&quot;:&quot;&quot;,&quot;sizes&quot;:[]}}\" data-widget_type=\"posts.cards\">\n\t\t\t\t<div class=\"elementor-widget-container\">\n\t\t\t\t\t\t\t<div class=\"elementor-posts-container elementor-posts elementor-posts--skin-cards elementor-grid\" role=\"list\">\n\t\t\t\t<article class=\"elementor-post elementor-grid-item post-2966 socio type-socio status-publish has-post-thumbnail hentry\" role=\"listitem\">\n\t\t\t<div class=\"elementor-post__card\">\n\t\t\t\t<a class=\"elementor-post__thumbnail__link\" href=\"https:\/\/clusterlucanobioeconomia.it\/en\/socio\/arpor-societa-cooperativa-agricola-del-gruppo-fruttadoro-orogel\/\" tabindex=\"-1\" ><div class=\"elementor-post__thumbnail\"><img decoding=\"async\" width=\"300\" height=\"300\" src=\"https:\/\/clusterlucanobioeconomia.it\/wp-content\/uploads\/2025\/09\/logo_arpor-300x300.avif\" class=\"attachment-medium size-medium wp-image-2969\" alt=\"\" srcset=\"https:\/\/clusterlucanobioeconomia.it\/wp-content\/uploads\/2025\/09\/logo_arpor-300x300.avif 300w, https:\/\/clusterlucanobioeconomia.it\/wp-content\/uploads\/2025\/09\/logo_arpor-150x150.avif 150w, https:\/\/clusterlucanobioeconomia.it\/wp-content\/uploads\/2025\/09\/logo_arpor-12x12.avif 12w, https:\/\/clusterlucanobioeconomia.it\/wp-content\/uploads\/2025\/09\/logo_arpor.avif 500w\" sizes=\"(max-width: 300px) 100vw, 300px\" \/><\/div><\/a>\n\t\t\t\t<div class=\"elementor-post__text\">\n\t\t\t\t<h3 class=\"elementor-post__title\">\n\t\t\t<a href=\"https:\/\/clusterlucanobioeconomia.it\/en\/socio\/arpor-societa-cooperativa-agricola-del-gruppo-fruttadoro-orogel\/\" >\n\t\t\t\tARPOR- Societ\u00e0 cooperativa agricola del Gruppo Fruttadoro Orogel\t\t\t<\/a>\n\t\t<\/h3>\n\t\t\n\t\t<a class=\"elementor-post__read-more\" href=\"https:\/\/clusterlucanobioeconomia.it\/en\/socio\/arpor-societa-cooperativa-agricola-del-gruppo-fruttadoro-orogel\/\" aria-label=\"Read more about ARPOR- Societ\u00e0 cooperativa agricola del Gruppo Fruttadoro Orogel\" tabindex=\"-1\" >\n\t\t\tRead More \u00bb\t\t<\/a>\n\n\t\t\t\t<\/div>\n\t\t\t\t\t<\/div>\n\t\t<\/article>\n\t\t\t\t<article class=\"elementor-post elementor-grid-item post-2066 socio type-socio status-publish has-post-thumbnail hentry\" role=\"listitem\">\n\t\t\t<div class=\"elementor-post__card\">\n\t\t\t\t<a class=\"elementor-post__thumbnail__link\" href=\"https:\/\/clusterlucanobioeconomia.it\/en\/socio\/fondazione-eni-enrico-mattei\/\" tabindex=\"-1\" ><div class=\"elementor-post__thumbnail\"><img decoding=\"async\" width=\"300\" height=\"300\" src=\"https:\/\/clusterlucanobioeconomia.it\/wp-content\/uploads\/2025\/07\/Fondazione_ENI_Enrico_Mattei_logo-300x300.avif\" class=\"attachment-medium size-medium wp-image-2067\" alt=\"\" srcset=\"https:\/\/clusterlucanobioeconomia.it\/wp-content\/uploads\/2025\/07\/Fondazione_ENI_Enrico_Mattei_logo-300x300.avif 300w, https:\/\/clusterlucanobioeconomia.it\/wp-content\/uploads\/2025\/07\/Fondazione_ENI_Enrico_Mattei_logo-150x150.avif 150w, https:\/\/clusterlucanobioeconomia.it\/wp-content\/uploads\/2025\/07\/Fondazione_ENI_Enrico_Mattei_logo-12x12.avif 12w, https:\/\/clusterlucanobioeconomia.it\/wp-content\/uploads\/2025\/07\/Fondazione_ENI_Enrico_Mattei_logo.avif 500w\" sizes=\"(max-width: 300px) 100vw, 300px\" \/><\/div><\/a>\n\t\t\t\t<div class=\"elementor-post__text\">\n\t\t\t\t<h3 class=\"elementor-post__title\">\n\t\t\t<a href=\"https:\/\/clusterlucanobioeconomia.it\/en\/socio\/fondazione-eni-enrico-mattei\/\" >\n\t\t\t\tFondazione ENI Enrico Mattei\t\t\t<\/a>\n\t\t<\/h3>\n\t\t\n\t\t<a class=\"elementor-post__read-more\" href=\"https:\/\/clusterlucanobioeconomia.it\/en\/socio\/fondazione-eni-enrico-mattei\/\" aria-label=\"Read more about Fondazione ENI Enrico Mattei\" tabindex=\"-1\" >\n\t\t\tRead More \u00bb\t\t<\/a>\n\n\t\t\t\t<\/div>\n\t\t\t\t\t<\/div>\n\t\t<\/article>\n\t\t\t\t<article class=\"elementor-post elementor-grid-item post-2052 socio type-socio status-publish has-post-thumbnail hentry\" role=\"listitem\">\n\t\t\t<div class=\"elementor-post__card\">\n\t\t\t\t<a class=\"elementor-post__thumbnail__link\" href=\"https:\/\/clusterlucanobioeconomia.it\/en\/socio\/universita-degli-studi-della-basilicata\/\" tabindex=\"-1\" ><div class=\"elementor-post__thumbnail\"><img decoding=\"async\" width=\"300\" height=\"300\" src=\"https:\/\/clusterlucanobioeconomia.it\/wp-content\/uploads\/2025\/07\/unibas_new_logo-300x300.avif\" class=\"attachment-medium size-medium wp-image-2054\" alt=\"\" srcset=\"https:\/\/clusterlucanobioeconomia.it\/wp-content\/uploads\/2025\/07\/unibas_new_logo-300x300.avif 300w, https:\/\/clusterlucanobioeconomia.it\/wp-content\/uploads\/2025\/07\/unibas_new_logo-150x150.avif 150w, https:\/\/clusterlucanobioeconomia.it\/wp-content\/uploads\/2025\/07\/unibas_new_logo-12x12.avif 12w, https:\/\/clusterlucanobioeconomia.it\/wp-content\/uploads\/2025\/07\/unibas_new_logo.avif 500w\" sizes=\"(max-width: 300px) 100vw, 300px\" \/><\/div><\/a>\n\t\t\t\t<div class=\"elementor-post__text\">\n\t\t\t\t<h3 class=\"elementor-post__title\">\n\t\t\t<a href=\"https:\/\/clusterlucanobioeconomia.it\/en\/socio\/universita-degli-studi-della-basilicata\/\" >\n\t\t\t\tUniversit\u00e0 degli Studi della Basilicata\t\t\t<\/a>\n\t\t<\/h3>\n\t\t\n\t\t<a class=\"elementor-post__read-more\" href=\"https:\/\/clusterlucanobioeconomia.it\/en\/socio\/universita-degli-studi-della-basilicata\/\" aria-label=\"Read more about Universit\u00e0 degli Studi della Basilicata\" tabindex=\"-1\" >\n\t\t\tRead More \u00bb\t\t<\/a>\n\n\t\t\t\t<\/div>\n\t\t\t\t\t<\/div>\n\t\t<\/article>\n\t\t\t\t<article class=\"elementor-post elementor-grid-item post-2046 socio type-socio status-publish has-post-thumbnail hentry\" role=\"listitem\">\n\t\t\t<div class=\"elementor-post__card\">\n\t\t\t\t<a class=\"elementor-post__thumbnail__link\" href=\"https:\/\/clusterlucanobioeconomia.it\/en\/socio\/enea-agenzia-nazionale-per-le-nuove-tecnologie-lenergia-e-lo-sviluppo-economico-sostenibile\/\" tabindex=\"-1\" ><div class=\"elementor-post__thumbnail\"><img decoding=\"async\" width=\"300\" height=\"300\" src=\"https:\/\/clusterlucanobioeconomia.it\/wp-content\/uploads\/2025\/07\/enea_logo-300x300.avif\" class=\"attachment-medium size-medium wp-image-2047\" alt=\"\" srcset=\"https:\/\/clusterlucanobioeconomia.it\/wp-content\/uploads\/2025\/07\/enea_logo-300x300.avif 300w, https:\/\/clusterlucanobioeconomia.it\/wp-content\/uploads\/2025\/07\/enea_logo-150x150.avif 150w, https:\/\/clusterlucanobioeconomia.it\/wp-content\/uploads\/2025\/07\/enea_logo-12x12.avif 12w, https:\/\/clusterlucanobioeconomia.it\/wp-content\/uploads\/2025\/07\/enea_logo.avif 500w\" sizes=\"(max-width: 300px) 100vw, 300px\" \/><\/div><\/a>\n\t\t\t\t<div class=\"elementor-post__text\">\n\t\t\t\t<h3 class=\"elementor-post__title\">\n\t\t\t<a href=\"https:\/\/clusterlucanobioeconomia.it\/en\/socio\/enea-agenzia-nazionale-per-le-nuove-tecnologie-lenergia-e-lo-sviluppo-economico-sostenibile\/\" >\n\t\t\t\tENEA \u2022 Agenzia nazionale per le nuove tecnologie, l&#8217;energia e lo sviluppo economico sostenibile\t\t\t<\/a>\n\t\t<\/h3>\n\t\t\n\t\t<a class=\"elementor-post__read-more\" href=\"https:\/\/clusterlucanobioeconomia.it\/en\/socio\/enea-agenzia-nazionale-per-le-nuove-tecnologie-lenergia-e-lo-sviluppo-economico-sostenibile\/\" aria-label=\"Read more about ENEA \u2022 Agenzia nazionale per le nuove tecnologie, l&#8217;energia e lo sviluppo economico sostenibile\" tabindex=\"-1\" >\n\t\t\tRead More \u00bb\t\t<\/a>\n\n\t\t\t\t<\/div>\n\t\t\t\t\t<\/div>\n\t\t<\/article>\n\t\t\t\t<article class=\"elementor-post elementor-grid-item post-2040 socio type-socio status-publish has-post-thumbnail hentry\" role=\"listitem\">\n\t\t\t<div class=\"elementor-post__card\">\n\t\t\t\t<a class=\"elementor-post__thumbnail__link\" href=\"https:\/\/clusterlucanobioeconomia.it\/en\/socio\/cnr-consiglio-nazionale-delle-ricerche\/\" tabindex=\"-1\" ><div class=\"elementor-post__thumbnail\"><img decoding=\"async\" width=\"300\" height=\"300\" src=\"https:\/\/clusterlucanobioeconomia.it\/wp-content\/uploads\/2025\/07\/Consiglio_Nazionale_delle_Ricerche_logo-300x300.avif\" class=\"attachment-medium size-medium wp-image-2041\" alt=\"\" srcset=\"https:\/\/clusterlucanobioeconomia.it\/wp-content\/uploads\/2025\/07\/Consiglio_Nazionale_delle_Ricerche_logo-300x300.avif 300w, https:\/\/clusterlucanobioeconomia.it\/wp-content\/uploads\/2025\/07\/Consiglio_Nazionale_delle_Ricerche_logo-150x150.avif 150w, https:\/\/clusterlucanobioeconomia.it\/wp-content\/uploads\/2025\/07\/Consiglio_Nazionale_delle_Ricerche_logo-12x12.avif 12w, https:\/\/clusterlucanobioeconomia.it\/wp-content\/uploads\/2025\/07\/Consiglio_Nazionale_delle_Ricerche_logo.avif 500w\" sizes=\"(max-width: 300px) 100vw, 300px\" \/><\/div><\/a>\n\t\t\t\t<div class=\"elementor-post__text\">\n\t\t\t\t<h3 class=\"elementor-post__title\">\n\t\t\t<a href=\"https:\/\/clusterlucanobioeconomia.it\/en\/socio\/cnr-consiglio-nazionale-delle-ricerche\/\" >\n\t\t\t\tCNR \u2022 Consiglio Nazionale delle Ricerche\t\t\t<\/a>\n\t\t<\/h3>\n\t\t\n\t\t<a class=\"elementor-post__read-more\" href=\"https:\/\/clusterlucanobioeconomia.it\/en\/socio\/cnr-consiglio-nazionale-delle-ricerche\/\" aria-label=\"Read more about CNR \u2022 Consiglio Nazionale delle Ricerche\" tabindex=\"-1\" >\n\t\t\tRead More \u00bb\t\t<\/a>\n\n\t\t\t\t<\/div>\n\t\t\t\t\t<\/div>\n\t\t<\/article>\n\t\t\t\t<article class=\"elementor-post elementor-grid-item post-2037 socio type-socio status-publish has-post-thumbnail hentry\" role=\"listitem\">\n\t\t\t<div class=\"elementor-post__card\">\n\t\t\t\t<a class=\"elementor-post__thumbnail__link\" href=\"https:\/\/clusterlucanobioeconomia.it\/en\/socio\/alsia-agenzia-lucana-di-sviluppo-e-di-innovazione-in-agricoltura\/\" tabindex=\"-1\" ><div class=\"elementor-post__thumbnail\"><img decoding=\"async\" width=\"300\" height=\"300\" src=\"https:\/\/clusterlucanobioeconomia.it\/wp-content\/uploads\/2025\/07\/Alsia_basilicata_logo-300x300.avif\" class=\"attachment-medium size-medium wp-image-2038\" alt=\"\" srcset=\"https:\/\/clusterlucanobioeconomia.it\/wp-content\/uploads\/2025\/07\/Alsia_basilicata_logo-300x300.avif 300w, https:\/\/clusterlucanobioeconomia.it\/wp-content\/uploads\/2025\/07\/Alsia_basilicata_logo-150x150.avif 150w, https:\/\/clusterlucanobioeconomia.it\/wp-content\/uploads\/2025\/07\/Alsia_basilicata_logo-12x12.avif 12w, https:\/\/clusterlucanobioeconomia.it\/wp-content\/uploads\/2025\/07\/Alsia_basilicata_logo.avif 500w\" sizes=\"(max-width: 300px) 100vw, 300px\" \/><\/div><\/a>\n\t\t\t\t<div class=\"elementor-post__text\">\n\t\t\t\t<h3 class=\"elementor-post__title\">\n\t\t\t<a href=\"https:\/\/clusterlucanobioeconomia.it\/en\/socio\/alsia-agenzia-lucana-di-sviluppo-e-di-innovazione-in-agricoltura\/\" >\n\t\t\t\tALSIA \u2022 Agenzia Lucana di Sviluppo e di Innovazione in Agricoltura\t\t\t<\/a>\n\t\t<\/h3>\n\t\t\n\t\t<a class=\"elementor-post__read-more\" href=\"https:\/\/clusterlucanobioeconomia.it\/en\/socio\/alsia-agenzia-lucana-di-sviluppo-e-di-innovazione-in-agricoltura\/\" aria-label=\"Read more about ALSIA \u2022 Agenzia Lucana di Sviluppo e di Innovazione in Agricoltura\" tabindex=\"-1\" >\n\t\t\tRead More \u00bb\t\t<\/a>\n\n\t\t\t\t<\/div>\n\t\t\t\t\t<\/div>\n\t\t<\/article>\n\t\t\t\t<article class=\"elementor-post elementor-grid-item post-2019 socio type-socio status-publish has-post-thumbnail hentry\" role=\"listitem\">\n\t\t\t<div class=\"elementor-post__card\">\n\t\t\t\t<a class=\"elementor-post__thumbnail__link\" href=\"https:\/\/clusterlucanobioeconomia.it\/en\/socio\/spring-bioenergy-societa-agricola-arl\/\" tabindex=\"-1\" ><div class=\"elementor-post__thumbnail\"><img decoding=\"async\" width=\"300\" height=\"300\" src=\"https:\/\/clusterlucanobioeconomia.it\/wp-content\/uploads\/2025\/07\/Spring_bioenergy_logo-300x300.avif\" class=\"attachment-medium size-medium wp-image-2020\" alt=\"\" srcset=\"https:\/\/clusterlucanobioeconomia.it\/wp-content\/uploads\/2025\/07\/Spring_bioenergy_logo-300x300.avif 300w, https:\/\/clusterlucanobioeconomia.it\/wp-content\/uploads\/2025\/07\/Spring_bioenergy_logo-150x150.avif 150w, https:\/\/clusterlucanobioeconomia.it\/wp-content\/uploads\/2025\/07\/Spring_bioenergy_logo-12x12.avif 12w, https:\/\/clusterlucanobioeconomia.it\/wp-content\/uploads\/2025\/07\/Spring_bioenergy_logo.avif 500w\" sizes=\"(max-width: 300px) 100vw, 300px\" \/><\/div><\/a>\n\t\t\t\t<div class=\"elementor-post__text\">\n\t\t\t\t<h3 class=\"elementor-post__title\">\n\t\t\t<a href=\"https:\/\/clusterlucanobioeconomia.it\/en\/socio\/spring-bioenergy-societa-agricola-arl\/\" >\n\t\t\t\tSpring Bioenergy Societ\u00e0 Agricola arl\t\t\t<\/a>\n\t\t<\/h3>\n\t\t\n\t\t<a class=\"elementor-post__read-more\" href=\"https:\/\/clusterlucanobioeconomia.it\/en\/socio\/spring-bioenergy-societa-agricola-arl\/\" aria-label=\"Read more about Spring Bioenergy Societ\u00e0 Agricola arl\" tabindex=\"-1\" >\n\t\t\tRead More \u00bb\t\t<\/a>\n\n\t\t\t\t<\/div>\n\t\t\t\t\t<\/div>\n\t\t<\/article>\n\t\t\t\t<article class=\"elementor-post elementor-grid-item post-2008 socio type-socio status-publish has-post-thumbnail hentry\" role=\"listitem\">\n\t\t\t<div class=\"elementor-post__card\">\n\t\t\t\t<a class=\"elementor-post__thumbnail__link\" href=\"https:\/\/clusterlucanobioeconomia.it\/en\/socio\/s-s-agricola-san-giorgio\/\" tabindex=\"-1\" ><div class=\"elementor-post__thumbnail\"><img decoding=\"async\" width=\"300\" height=\"300\" src=\"https:\/\/clusterlucanobioeconomia.it\/wp-content\/uploads\/2025\/07\/S.S.AGRICOLA_SAN_GIORGIO_logo-300x300.avif\" class=\"attachment-medium size-medium wp-image-2009\" alt=\"\" srcset=\"https:\/\/clusterlucanobioeconomia.it\/wp-content\/uploads\/2025\/07\/S.S.AGRICOLA_SAN_GIORGIO_logo-300x300.avif 300w, https:\/\/clusterlucanobioeconomia.it\/wp-content\/uploads\/2025\/07\/S.S.AGRICOLA_SAN_GIORGIO_logo-150x150.avif 150w, https:\/\/clusterlucanobioeconomia.it\/wp-content\/uploads\/2025\/07\/S.S.AGRICOLA_SAN_GIORGIO_logo-12x12.avif 12w, https:\/\/clusterlucanobioeconomia.it\/wp-content\/uploads\/2025\/07\/S.S.AGRICOLA_SAN_GIORGIO_logo.avif 500w\" sizes=\"(max-width: 300px) 100vw, 300px\" \/><\/div><\/a>\n\t\t\t\t<div class=\"elementor-post__text\">\n\t\t\t\t<h3 class=\"elementor-post__title\">\n\t\t\t<a href=\"https:\/\/clusterlucanobioeconomia.it\/en\/socio\/s-s-agricola-san-giorgio\/\" >\n\t\t\t\tS.S. AGRICOLA SAN GIORGIO\t\t\t<\/a>\n\t\t<\/h3>\n\t\t\n\t\t<a class=\"elementor-post__read-more\" href=\"https:\/\/clusterlucanobioeconomia.it\/en\/socio\/s-s-agricola-san-giorgio\/\" aria-label=\"Read more about S.S. AGRICOLA SAN GIORGIO\" tabindex=\"-1\" >\n\t\t\tRead More \u00bb\t\t<\/a>\n\n\t\t\t\t<\/div>\n\t\t\t\t\t<\/div>\n\t\t<\/article>\n\t\t\t\t<article class=\"elementor-post elementor-grid-item post-2005 socio type-socio status-publish has-post-thumbnail hentry\" role=\"listitem\">\n\t\t\t<div class=\"elementor-post__card\">\n\t\t\t\t<a class=\"elementor-post__thumbnail__link\" href=\"https:\/\/clusterlucanobioeconomia.it\/en\/socio\/risorse-srl\/\" tabindex=\"-1\" ><div class=\"elementor-post__thumbnail\"><img decoding=\"async\" width=\"300\" height=\"300\" src=\"https:\/\/clusterlucanobioeconomia.it\/wp-content\/uploads\/2025\/07\/risorse_logo-300x300.avif\" class=\"attachment-medium size-medium wp-image-2006\" alt=\"\" srcset=\"https:\/\/clusterlucanobioeconomia.it\/wp-content\/uploads\/2025\/07\/risorse_logo-300x300.avif 300w, https:\/\/clusterlucanobioeconomia.it\/wp-content\/uploads\/2025\/07\/risorse_logo-150x150.avif 150w, https:\/\/clusterlucanobioeconomia.it\/wp-content\/uploads\/2025\/07\/risorse_logo-12x12.avif 12w, https:\/\/clusterlucanobioeconomia.it\/wp-content\/uploads\/2025\/07\/risorse_logo.avif 500w\" sizes=\"(max-width: 300px) 100vw, 300px\" \/><\/div><\/a>\n\t\t\t\t<div class=\"elementor-post__text\">\n\t\t\t\t<h3 class=\"elementor-post__title\">\n\t\t\t<a href=\"https:\/\/clusterlucanobioeconomia.it\/en\/socio\/risorse-srl\/\" >\n\t\t\t\tRisorse srl\t\t\t<\/a>\n\t\t<\/h3>\n\t\t\n\t\t<a class=\"elementor-post__read-more\" href=\"https:\/\/clusterlucanobioeconomia.it\/en\/socio\/risorse-srl\/\" aria-label=\"Read more about Risorse srl\" tabindex=\"-1\" >\n\t\t\tRead More \u00bb\t\t<\/a>\n\n\t\t\t\t<\/div>\n\t\t\t\t\t<\/div>\n\t\t<\/article>\n\t\t\t\t<article class=\"elementor-post elementor-grid-item post-1992 socio type-socio status-publish has-post-thumbnail hentry\" role=\"listitem\">\n\t\t\t<div class=\"elementor-post__card\">\n\t\t\t\t<a class=\"elementor-post__thumbnail__link\" href=\"https:\/\/clusterlucanobioeconomia.it\/en\/socio\/openet-technologies-spa\/\" tabindex=\"-1\" ><div class=\"elementor-post__thumbnail\"><img decoding=\"async\" width=\"300\" height=\"300\" src=\"https:\/\/clusterlucanobioeconomia.it\/wp-content\/uploads\/2025\/07\/openet_logo-300x300.avif\" class=\"attachment-medium size-medium wp-image-1993\" alt=\"\" srcset=\"https:\/\/clusterlucanobioeconomia.it\/wp-content\/uploads\/2025\/07\/openet_logo-300x300.avif 300w, https:\/\/clusterlucanobioeconomia.it\/wp-content\/uploads\/2025\/07\/openet_logo-150x150.avif 150w, https:\/\/clusterlucanobioeconomia.it\/wp-content\/uploads\/2025\/07\/openet_logo-12x12.avif 12w, https:\/\/clusterlucanobioeconomia.it\/wp-content\/uploads\/2025\/07\/openet_logo.avif 500w\" sizes=\"(max-width: 300px) 100vw, 300px\" \/><\/div><\/a>\n\t\t\t\t<div class=\"elementor-post__text\">\n\t\t\t\t<h3 class=\"elementor-post__title\">\n\t\t\t<a href=\"https:\/\/clusterlucanobioeconomia.it\/en\/socio\/openet-technologies-spa\/\" >\n\t\t\t\tOPENET TECHNOLOGIES SPA\t\t\t<\/a>\n\t\t<\/h3>\n\t\t\n\t\t<a class=\"elementor-post__read-more\" href=\"https:\/\/clusterlucanobioeconomia.it\/en\/socio\/openet-technologies-spa\/\" aria-label=\"Read more about OPENET TECHNOLOGIES SPA\" tabindex=\"-1\" >\n\t\t\tRead More \u00bb\t\t<\/a>\n\n\t\t\t\t<\/div>\n\t\t\t\t\t<\/div>\n\t\t<\/article>\n\t\t\t\t<article class=\"elementor-post elementor-grid-item post-1980 socio type-socio status-publish has-post-thumbnail hentry\" role=\"listitem\">\n\t\t\t<div class=\"elementor-post__card\">\n\t\t\t\t<a class=\"elementor-post__thumbnail__link\" href=\"https:\/\/clusterlucanobioeconomia.it\/en\/socio\/marrone-rosalia-maria-lucia\/\" tabindex=\"-1\" ><div class=\"elementor-post__thumbnail\"><img decoding=\"async\" width=\"300\" height=\"300\" src=\"https:\/\/clusterlucanobioeconomia.it\/wp-content\/uploads\/2025\/07\/MARRONE_Rosalia_Maria_Lucia_logo-300x300.avif\" class=\"attachment-medium size-medium wp-image-1981\" alt=\"\" srcset=\"https:\/\/clusterlucanobioeconomia.it\/wp-content\/uploads\/2025\/07\/MARRONE_Rosalia_Maria_Lucia_logo-300x300.avif 300w, https:\/\/clusterlucanobioeconomia.it\/wp-content\/uploads\/2025\/07\/MARRONE_Rosalia_Maria_Lucia_logo-150x150.avif 150w, https:\/\/clusterlucanobioeconomia.it\/wp-content\/uploads\/2025\/07\/MARRONE_Rosalia_Maria_Lucia_logo-12x12.avif 12w, https:\/\/clusterlucanobioeconomia.it\/wp-content\/uploads\/2025\/07\/MARRONE_Rosalia_Maria_Lucia_logo.avif 500w\" sizes=\"(max-width: 300px) 100vw, 300px\" \/><\/div><\/a>\n\t\t\t\t<div class=\"elementor-post__text\">\n\t\t\t\t<h3 class=\"elementor-post__title\">\n\t\t\t<a href=\"https:\/\/clusterlucanobioeconomia.it\/en\/socio\/marrone-rosalia-maria-lucia\/\" >\n\t\t\t\tMARRONE Rosalia Maria Lucia\t\t\t<\/a>\n\t\t<\/h3>\n\t\t\n\t\t<a class=\"elementor-post__read-more\" href=\"https:\/\/clusterlucanobioeconomia.it\/en\/socio\/marrone-rosalia-maria-lucia\/\" aria-label=\"Read more about MARRONE Rosalia Maria Lucia\" tabindex=\"-1\" >\n\t\t\tRead More \u00bb\t\t<\/a>\n\n\t\t\t\t<\/div>\n\t\t\t\t\t<\/div>\n\t\t<\/article>\n\t\t\t\t<article class=\"elementor-post elementor-grid-item post-1965 socio type-socio status-publish has-post-thumbnail hentry\" role=\"listitem\">\n\t\t\t<div class=\"elementor-post__card\">\n\t\t\t\t<a class=\"elementor-post__thumbnail__link\" href=\"https:\/\/clusterlucanobioeconomia.it\/en\/socio\/industrie-olearie-lucane\/\" tabindex=\"-1\" ><div class=\"elementor-post__thumbnail\"><img decoding=\"async\" width=\"300\" height=\"300\" src=\"https:\/\/clusterlucanobioeconomia.it\/wp-content\/uploads\/2025\/07\/Industrie_Olearie_Lucane_logo-300x300.avif\" class=\"attachment-medium size-medium wp-image-1966\" alt=\"\" srcset=\"https:\/\/clusterlucanobioeconomia.it\/wp-content\/uploads\/2025\/07\/Industrie_Olearie_Lucane_logo-300x300.avif 300w, https:\/\/clusterlucanobioeconomia.it\/wp-content\/uploads\/2025\/07\/Industrie_Olearie_Lucane_logo-150x150.avif 150w, https:\/\/clusterlucanobioeconomia.it\/wp-content\/uploads\/2025\/07\/Industrie_Olearie_Lucane_logo-12x12.avif 12w, https:\/\/clusterlucanobioeconomia.it\/wp-content\/uploads\/2025\/07\/Industrie_Olearie_Lucane_logo.avif 500w\" sizes=\"(max-width: 300px) 100vw, 300px\" \/><\/div><\/a>\n\t\t\t\t<div class=\"elementor-post__text\">\n\t\t\t\t<h3 class=\"elementor-post__title\">\n\t\t\t<a href=\"https:\/\/clusterlucanobioeconomia.it\/en\/socio\/industrie-olearie-lucane\/\" >\n\t\t\t\tIndustrie Olearie Lucane\t\t\t<\/a>\n\t\t<\/h3>\n\t\t\n\t\t<a class=\"elementor-post__read-more\" href=\"https:\/\/clusterlucanobioeconomia.it\/en\/socio\/industrie-olearie-lucane\/\" aria-label=\"Read more about Industrie Olearie Lucane\" tabindex=\"-1\" >\n\t\t\tRead More \u00bb\t\t<\/a>\n\n\t\t\t\t<\/div>\n\t\t\t\t\t<\/div>\n\t\t<\/article>\n\t\t\t\t<\/div>\n\t\t\n\t\t\t\t<div class=\"e-load-more-anchor\" data-page=\"1\" data-max-page=\"2\" data-next-page=\"https:\/\/clusterlucanobioeconomia.it\/en\/wp-json\/wp\/v2\/pages\/406\/page\/2\/\"><\/div>\n\t\t\t\t<nav class=\"elementor-pagination\" aria-label=\"Pagination\">\n\t\t\t<span aria-current=\"page\" class=\"page-numbers current\"><span class=\"elementor-screen-only\">Page<\/span>1<\/span>\n<a class=\"page-numbers\" href=\"https:\/\/clusterlucanobioeconomia.it\/en\/wp-json\/wp\/v2\/pages\/406\/page\/2\/\"><span class=\"elementor-screen-only\">Page<\/span>2<\/a>\t\t<\/nav>\n\t\t\t\t\t\t<\/div>\n\t\t\t\t<\/div>\n\t\t\t\t\t<\/div>\n\t\t\t\t<\/div>\n\t\t\t\t<\/div>","protected":false},"excerpt":{"rendered":"<p>Aderire al Cluster LUCANO DI BIOECONOMIA signi\ufb01ca poter attivare progetti di Ricerca, Sviluppo e Innovazione in collaborazione con primari attori della bioeconomia italiana, contribuire alla<\/p>","protected":false},"author":1,"featured_media":1111,"parent":0,"menu_order":0,"comment_status":"closed","ping_status":"closed","template":"","meta":{"_acf_changed":false,"_monsterinsights_skip_tracking":false,"_monsterinsights_sitenote_active":false,"_monsterinsights_sitenote_note":"","_monsterinsights_sitenote_category":0,"footnotes":""},"class_list":["post-406","page","type-page","status-publish","has-post-thumbnail","hentry"],"acf":[],"aioseo_notices":[],"_links":{"self":[{"href":"https:\/\/clusterlucanobioeconomia.it\/en\/wp-json\/wp\/v2\/pages\/406","targetHints":{"allow":["GET"]}}],"collection":[{"href":"https:\/\/clusterlucanobioeconomia.it\/en\/wp-json\/wp\/v2\/pages"}],"about":[{"href":"https:\/\/clusterlucanobioeconomia.it\/en\/wp-json\/wp\/v2\/types\/page"}],"author":[{"embeddable":true,"href":"https:\/\/clusterlucanobioeconomia.it\/en\/wp-json\/wp\/v2\/users\/1"}],"replies":[{"embeddable":true,"href":"https:\/\/clusterlucanobioeconomia.it\/en\/wp-json\/wp\/v2\/comments?post=406"}],"version-history":[{"count":0,"href":"https:\/\/clusterlucanobioeconomia.it\/en\/wp-json\/wp\/v2\/pages\/406\/revisions"}],"wp:featuredmedia":[{"embeddable":true,"href":"https:\/\/clusterlucanobioeconomia.it\/en\/wp-json\/wp\/v2\/media\/1111"}],"wp:attachment":[{"href":"https:\/\/clusterlucanobioeconomia.it\/en\/wp-json\/wp\/v2\/media?parent=406"}],"curies":[{"name":"wp","href":"https:\/\/api.w.org\/{rel}","templated":true}]}}